{"id":3331,"date":"2024-02-15T17:00:27","date_gmt":"2024-02-15T17:00:27","guid":{"rendered":"https:\/\/numeriica.com\/imprint\/"},"modified":"2024-02-15T17:00:27","modified_gmt":"2024-02-15T17:00:27","slug":"imprint","status":"publish","type":"page","link":"https:\/\/numeriica.com\/en\/imprint\/","title":{"rendered":"Imprint"},"content":{"rendered":"\n<!-- Legal document generated by Complianz | GDPR\/CCPA Cookie Consent https:\/\/wordpress.org\/plugins\/complianz-gdpr -->\n<div id=\"cmplz-document\" class=\"cmplz-document impressum cmplz-document-all\"><p><i>This imprint was last updated on September 18, 2025.<\/i><\/p><p class=\"cmplz-subtitle\">The owner of this website is:<\/p><p>NUMERIICA LLC Corporation<br>1007 N Orange St. 4th Floor, SUite 3846 , Wilmington, DE, New Castle, US, 19801<br>United States<br>Email:&nbsp;<span class=\"cmplz-obfuscate\">i&#110;&#102;o@<span class=\"cmplz-fmail-domain\">ex.&#099;om<\/span>num&#101;&#114;i&#105;ca.&#099;&#111;&#109;<\/span><br>Phone number: (367) 777-0469<br><\/p><p class=\"cmplz-subtitle\">The legal representative(s) of NUMERIICA LLC Corporation:<\/p><p>Sylvain Desjardins<\/p><h2>1. General<\/h2><p class=\"cmplz-subtitle\">1.1 We are registered at Wyoming Secretary of State under the license or registration number:<\/p><p><\/p><p>We are willing or obliged to participate in dispute resolution procedures before a consumer arbitration board.<\/p><h2>2. Additional information<\/h2><p>En cas de litige relatif \u00e0 la collecte, l&#8217;utilisation ou la divulgation de renseignements personnels conform\u00e9ment \u00e0 la Loi 25 sur la protection des renseignements personnels dans le secteur priv\u00e9 au Qu\u00e9bec, les parties s&#8217;engagent \u00e0 privil\u00e9gier une r\u00e9solution amiable du diff\u00e9rend. \u00c0 d\u00e9faut d&#8217;une telle r\u00e9solution, le litige sera soumis \u00e0 un processus de m\u00e9diation avant toute proc\u00e9dure judiciaire. Si le litige persiste \u00e0 l&#8217;issue de la m\u00e9diation, les parties pourront porter l&#8217;affaire devant les tribunaux comp\u00e9tents du Qu\u00e9bec. Les proc\u00e9dures judiciaires seront men\u00e9es dans le respect des droits des parties et conform\u00e9ment aux dispositions l\u00e9gales en vigueur, en veillant particuli\u00e8rement \u00e0 la protection des renseignements personnels et au respect des principes \u00e9tablis par la Loi 25.<\/p><\/div>","protected":false},"excerpt":{"rendered":"","protected":false},"author":3,"featured_media":0,"parent":0,"menu_order":0,"comment_status":"closed","ping_status":"closed","template":"","meta":{"footnotes":""},"class_list":["post-3331","page","type-page","status-publish","hentry"],"_links":{"self":[{"href":"https:\/\/numeriica.com\/en\/wp-json\/wp\/v2\/pages\/3331","targetHints":{"allow":["GET"]}}],"collection":[{"href":"https:\/\/numeriica.com\/en\/wp-json\/wp\/v2\/pages"}],"about":[{"href":"https:\/\/numeriica.com\/en\/wp-json\/wp\/v2\/types\/page"}],"author":[{"embeddable":true,"href":"https:\/\/numeriica.com\/en\/wp-json\/wp\/v2\/users\/3"}],"replies":[{"embeddable":true,"href":"https:\/\/numeriica.com\/en\/wp-json\/wp\/v2\/comments?post=3331"}],"version-history":[{"count":0,"href":"https:\/\/numeriica.com\/en\/wp-json\/wp\/v2\/pages\/3331\/revisions"}],"wp:attachment":[{"href":"https:\/\/numeriica.com\/en\/wp-json\/wp\/v2\/media?parent=3331"}],"curies":[{"name":"wp","href":"https:\/\/api.w.org\/{rel}","templated":true}]}}